{"id":143476,"date":"2024-07-01T13:18:50","date_gmt":"2024-07-01T11:18:50","guid":{"rendered":"https:\/\/igestek.com\/mapa-de-sitio\/"},"modified":"2024-07-01T13:18:50","modified_gmt":"2024-07-01T11:18:50","slug":"mapa-de-sitio","status":"publish","type":"page","link":"https:\/\/igestek.com\/es\/mapa-de-sitio\/","title":{"rendered":"Mapa de sitio"},"content":{"rendered":"<div class=\"kwayy-html-sitemap-wrapper\"><h2 class=\"kwayy-html-sitemap-post-title kwayy-post-title\">Entradas<\/h2><ul class=\"kwayy-html-sitemap-post-list kwayy-post-list\"><ul><li><a href=\"https:\/\/igestek.com\/es\/moldes-impresion-3d-piezas-composite\/\">MOLDES DE IMPRESI\u00d3N 3D PARA PIEZAS DE COMPOSITE<\/a><\/li><li><a href=\"https:\/\/igestek.com\/es\/pyme-innovadora\/\">PYME INNOVADORA<\/a><\/li><li><a href=\"https:\/\/igestek.com\/es\/ultrali-project-hazitek-program-2-2\/\">PROYECTO ULTRALI FINALIZADO CON \u00c9XITO<\/a><\/li><li><a href=\"https:\/\/igestek.com\/es\/proyecto-ultrali-programa-hazitek\/\">PROYECTO ULTRALI \u2013 PROGRAMA HAZITEK<\/a><\/li><li><a href=\"https:\/\/igestek.com\/es\/aplicacion-proceso-igestek-suspension\/\">APLICACI\u00d3N DEL PROCESO ESM DE IGESTEK A UN COMPONENTE DE SUSPENSI\u00d3N<\/a><\/li><li><a href=\"https:\/\/igestek.com\/es\/portada-rara\/\">PORTADA .<\/a><\/li><li><a href=\"https:\/\/igestek.com\/es\/estructuras-sandwich-multimaterial\/\">ESTRUCTURAS SANDWICH MULTIMATERIAL<\/a><\/li><li><a href=\"https:\/\/igestek.com\/es\/ultimos-desarrollos\/\">\u00daLTIMOS DESARROLLOS<\/a><\/li><li><a href=\"https:\/\/igestek.com\/es\/jornada-tecnica-composites-avanzados-en-automocion\/\">JORNADA T\u00c9CNICA: COMPOSITES AVANZADOS EN AUTOMOCI\u00d3N<\/a><\/li><li><a href=\"https:\/\/igestek.com\/es\/espacios-de-igestek\/\">ESPACIOS DE IGESTEK<\/a><\/li><li><a href=\"https:\/\/igestek.com\/es\/proyecto-fibergreen\/\">Proyecto FIBERGREEN<\/a><\/li><li><a href=\"https:\/\/igestek.com\/es\/igestek-capo\/\">proyeco Airxx<\/a><\/li><li><a href=\"https:\/\/igestek.com\/es\/que-es-moldflow\/\">QUE ES MOLDFLOW<\/a><\/li><li><a href=\"https:\/\/igestek.com\/es\/igestek-se-asocia-a-aemac\/\">iGestek se asocia a AEMAC<\/a><\/li><li><a href=\"https:\/\/igestek.com\/es\/evidencias-del-proyecto-z-wastek\/\">EVIDENCIAS DEL PROYECTO Z WASTEK<\/a><\/li><li><a href=\"https:\/\/igestek.com\/es\/nuevo-proceso-de-integracion-de-nanomateriales-en-compuestos\/\">Nuevo Proceso de integraci\u00f3n  de Nanomateriales en  compuestos<\/a><\/li><li><a href=\"https:\/\/igestek.com\/es\/procesado-de-nanotubos-de-carbono-mediante-press-molding\/\">Procesado de Nanotubos de Carbono mediante Press Molding<\/a><\/li><li><a href=\"https:\/\/igestek.com\/es\/igestek-colabora-con-la-universidad-de-deusto\/\">IGESTEK COLABORA CON LA UNIVERSIDAD DE DEUSTO<\/a><\/li><li><a href=\"https:\/\/igestek.com\/es\/igestek-biemh-2\/\">iGestek vuela desde Hannover Messe a BIEMH Bilbao<\/a><\/li><li><a href=\"https:\/\/igestek.com\/es\/diseno-generativo\/\">APLICAMOS EL DISE\u00d1O GENERATIVO A LA SUSPENSI\u00d3N DEL VEH\u00cdCULO<\/a><\/li><li><a href=\"https:\/\/igestek.com\/es\/participamos-en-el-%c2%a8cep-auto-tech-meetings%c2%a8-organizada-por-el-centro-espanol-de-plasticos\/\">Participamos en el \u00a8CEP Auto Tech Meetings\u00a8, organizada por el Centro Espa\u00f1ol de Pl\u00e1sticos<\/a><\/li><li><a href=\"https:\/\/igestek.com\/es\/z-wastek-programa-hazitek-2020\/\">Z\u2013WasTEK. PROGRAMA HAZITEK 2020<\/a><\/li><li><a href=\"https:\/\/igestek.com\/es\/nuevo-proceso-de-composites-termoplasticos-desarrollado-por-igestek\/\">Nuevo Proceso de Composites Termopl\u00e1sticos desarrollado por iGestek<\/a><\/li><li><a href=\"https:\/\/igestek.com\/es\/pintura-composites-termoplasticos\/\">PINTURA COMPOSITES TERMOPL\u00c1STICOS<\/a><\/li><li><a href=\"https:\/\/igestek.com\/es\/inyeccion-decorativa-composites-termoplasticos\/\">INYECCI\u00d3N DECORATIVA SOBRE COMPOSITES TERMOPL\u00c1STICOS<\/a><\/li><li><a href=\"https:\/\/igestek.com\/es\/fab-lab-igestek-bilbao\/\">FAB LAB IGESTEK<\/a><\/li><li><a href=\"https:\/\/igestek.com\/es\/igestek-in-biotechnology\/\">iGESTEK EN BIOTECNOLOGIA<\/a><\/li><li><a href=\"https:\/\/igestek.com\/es\/automocion-carbono-composites-termoplasticos\/\">ACABADO CARBONO COMPOSITES TERMOPL\u00c1STICOS<\/a><\/li><li><a href=\"https:\/\/igestek.com\/es\/composites-automocion\/\">ALETA COMPOSITE MOTOR-SPORT<\/a><\/li><li><a href=\"https:\/\/igestek.com\/es\/igestek-seat-composites-automocion\/\">iGESTEK EN SEAT SPORT<\/a><\/li><li><a href=\"https:\/\/igestek.com\/es\/composites-termoplasticos-desarrollo-proyecto\/\">COMPOSITES EN EL PROGRAMA NETs<\/a><\/li><li><a href=\"https:\/\/igestek.com\/es\/aligeramiento-en-los-automoviles\/\">ALIGERAMIENTO EN LOS AUTOM\u00d3VILES<\/a><\/li><li><a href=\"https:\/\/igestek.com\/es\/igestek-como-noticia-en-el-diario-el-economista-2\/\">IGESTEK COMO NOTICIA EN EL DIARIO \u201cEL ECONOMISTA\u201d<\/a><\/li><li><a href=\"https:\/\/igestek.com\/es\/implementamos-la-aplicacion-abaqus-para-composites\/\">IMPLEMENTAMOS LA APLICACI\u00d3N ABAQUS  PARA COMPOSITES<\/a><\/li><li><a href=\"https:\/\/igestek.com\/es\/smart-moto-challenge-2016\/\">SMART MOTO CHALLENGE 2016<\/a><\/li><li><a href=\"https:\/\/igestek.com\/es\/proyecto-muro-ekhum\/\">PROYECTO MURO EKHUM<\/a><\/li><li><a href=\"https:\/\/igestek.com\/es\/fibra-de-carbono-en-vehiculos-de-serie\/\">FIBRA DE CARBONO EN VEH\u00cdCULOS DE SERIE<\/a><\/li><li><a href=\"https:\/\/igestek.com\/es\/bienvenidos-web-igestek\/\">Bienvenidos<\/a><\/li><li><a href=\"https:\/\/igestek.com\/es\/dia-mundial-del-diseno-industrial\/\">D\u00cdA MUNDIAL DEL DISE\u00d1O INDUSTRIAL<\/a><\/li><li><a href=\"https:\/\/igestek.com\/es\/nuestro-fab-lab-presente-en-euskadi-tecnologia\/\">NUESTRO FAB LAB PRESENTE EN \"EUSKADI TECNOLOG\u00cdA\"<\/a><\/li><li><a href=\"https:\/\/igestek.com\/es\/igestek-y-los-composites-termoplasticos-en-el-pais\/\">IGESTEK Y LOS COMPOSITES TERMOPL\u00c1STICOS EN \u201cEL PA\u00cdS\u201d<\/a><\/li><li><a href=\"https:\/\/igestek.com\/es\/igestek-en-biotecnologia-ii\/\">IGESTEK EN BIOTECNOLOGIA II<\/a><\/li><\/ul><\/ul><h2 class=\"kwayy-html-sitemap-post-title kwayy-page-title\">P\u00e1ginas<\/h2><ul class=\"kwayy-html-sitemap-post-list kwayy-page-list\"><ul><li><a href=\"https:\/\/igestek.com\/es\/accesibilidad\/\">Accesibilidad<\/a><\/li><li><a href=\"https:\/\/igestek.com\/es\/politica-de-privacidad\/\">Pol\u00edtica de privacidad<\/a><\/li><\/ul><\/ul><\/div> <!-- .kwayy-html-sitemap-wrapper -->\n","protected":false},"excerpt":{"rendered":"EntradasMOLDES DE IMPRESI\u00d3N 3D PARA PIEZAS DE COMPOSITEPYME INNOVADORAPROYECTO ULTRALI FINALIZADO CON \u00c9XITOPROYECTO ULTRALI \u2013 PROGRAMA HAZITEKAPLICACI\u00d3N DEL PROCESO ESM [...]","protected":false},"author":1,"featured_media":0,"parent":0,"menu_order":0,"comment_status":"closed","ping_status":"closed","template":"","meta":{"footnotes":""},"class_list":["post-143476","page","type-page","status-publish","hentry"],"yoast_head":"<!-- This site is optimized with the Yoast SEO plugin v26.6 - https:\/\/yoast.com\/wordpress\/plugins\/seo\/ -->\n<title>Mapa de sitio - igestek<\/title>\n<meta name=\"robots\" content=\"index, follow, max-snippet:-1, max-image-preview:large, max-video-preview:-1\" \/>\n<link rel=\"canonical\" href=\"https:\/\/igestek.com\/site-map\/\" \/>\n<meta property=\"og:locale\" content=\"es_ES\" \/>\n<meta property=\"og:type\" content=\"article\" \/>\n<meta property=\"og:title\" content=\"Mapa de sitio - igestek\" \/>\n<meta property=\"og:url\" content=\"https:\/\/igestek.com\/site-map\/\" \/>\n<meta property=\"og:site_name\" content=\"igestek\" \/>\n<meta property=\"article:publisher\" content=\"https:\/\/www.facebook.com\/p\/IGestek-100083044643273\/\" \/>\n<meta name=\"twitter:card\" content=\"summary_large_image\" \/>\n<script type=\"application\/ld+json\" class=\"yoast-schema-graph\">{\"@context\":\"https:\/\/schema.org\",\"@graph\":[{\"@type\":\"WebPage\",\"@id\":\"https:\/\/igestek.com\/site-map\/\",\"url\":\"https:\/\/igestek.com\/site-map\/\",\"name\":\"Mapa de sitio - igestek\",\"isPartOf\":{\"@id\":\"https:\/\/igestek.com\/#website\"},\"datePublished\":\"2024-07-01T11:18:50+00:00\",\"breadcrumb\":{\"@id\":\"https:\/\/igestek.com\/site-map\/#breadcrumb\"},\"inLanguage\":\"es\",\"potentialAction\":[{\"@type\":\"ReadAction\",\"target\":[\"https:\/\/igestek.com\/site-map\/\"]}]},{\"@type\":\"BreadcrumbList\",\"@id\":\"https:\/\/igestek.com\/site-map\/#breadcrumb\",\"itemListElement\":[{\"@type\":\"ListItem\",\"position\":1,\"name\":\"Home\",\"item\":\"https:\/\/igestek.com\/\"},{\"@type\":\"ListItem\",\"position\":2,\"name\":\"Mapa de sitio\"}]},{\"@type\":\"WebSite\",\"@id\":\"https:\/\/igestek.com\/#website\",\"url\":\"https:\/\/igestek.com\/\",\"name\":\"igestek\",\"description\":\"Lightweight Solutions\",\"publisher\":{\"@id\":\"https:\/\/igestek.com\/#organization\"},\"potentialAction\":[{\"@type\":\"SearchAction\",\"target\":{\"@type\":\"EntryPoint\",\"urlTemplate\":\"https:\/\/igestek.com\/?s={search_term_string}\"},\"query-input\":{\"@type\":\"PropertyValueSpecification\",\"valueRequired\":true,\"valueName\":\"search_term_string\"}}],\"inLanguage\":\"es\"},{\"@type\":\"Organization\",\"@id\":\"https:\/\/igestek.com\/#organization\",\"name\":\"igestek\",\"url\":\"https:\/\/igestek.com\/\",\"logo\":{\"@type\":\"ImageObject\",\"inLanguage\":\"es\",\"@id\":\"https:\/\/igestek.com\/#\/schema\/logo\/image\/\",\"url\":\"https:\/\/igestek.com\/wp-content\/uploads\/2024\/06\/login-logo.png\",\"contentUrl\":\"https:\/\/igestek.com\/wp-content\/uploads\/2024\/06\/login-logo.png\",\"width\":312,\"height\":43,\"caption\":\"igestek\"},\"image\":{\"@id\":\"https:\/\/igestek.com\/#\/schema\/logo\/image\/\"},\"sameAs\":[\"https:\/\/www.facebook.com\/p\/IGestek-100083044643273\/\",\"https:\/\/www.linkedin.com\/company\/igestek-increase-win-slu\/\"]}]}<\/script>\n<!-- \/ Yoast SEO plugin. -->","yoast_head_json":{"title":"Mapa de sitio - igestek","robots":{"index":"index","follow":"follow","max-snippet":"max-snippet:-1","max-image-preview":"max-image-preview:large","max-video-preview":"max-video-preview:-1"},"canonical":"https:\/\/igestek.com\/site-map\/","og_locale":"es_ES","og_type":"article","og_title":"Mapa de sitio - igestek","og_url":"https:\/\/igestek.com\/site-map\/","og_site_name":"igestek","article_publisher":"https:\/\/www.facebook.com\/p\/IGestek-100083044643273\/","twitter_card":"summary_large_image","schema":{"@context":"https:\/\/schema.org","@graph":[{"@type":"WebPage","@id":"https:\/\/igestek.com\/site-map\/","url":"https:\/\/igestek.com\/site-map\/","name":"Mapa de sitio - igestek","isPartOf":{"@id":"https:\/\/igestek.com\/#website"},"datePublished":"2024-07-01T11:18:50+00:00","breadcrumb":{"@id":"https:\/\/igestek.com\/site-map\/#breadcrumb"},"inLanguage":"es","potentialAction":[{"@type":"ReadAction","target":["https:\/\/igestek.com\/site-map\/"]}]},{"@type":"BreadcrumbList","@id":"https:\/\/igestek.com\/site-map\/#breadcrumb","itemListElement":[{"@type":"ListItem","position":1,"name":"Home","item":"https:\/\/igestek.com\/"},{"@type":"ListItem","position":2,"name":"Mapa de sitio"}]},{"@type":"WebSite","@id":"https:\/\/igestek.com\/#website","url":"https:\/\/igestek.com\/","name":"igestek","description":"Lightweight Solutions","publisher":{"@id":"https:\/\/igestek.com\/#organization"},"potentialAction":[{"@type":"SearchAction","target":{"@type":"EntryPoint","urlTemplate":"https:\/\/igestek.com\/?s={search_term_string}"},"query-input":{"@type":"PropertyValueSpecification","valueRequired":true,"valueName":"search_term_string"}}],"inLanguage":"es"},{"@type":"Organization","@id":"https:\/\/igestek.com\/#organization","name":"igestek","url":"https:\/\/igestek.com\/","logo":{"@type":"ImageObject","inLanguage":"es","@id":"https:\/\/igestek.com\/#\/schema\/logo\/image\/","url":"https:\/\/igestek.com\/wp-content\/uploads\/2024\/06\/login-logo.png","contentUrl":"https:\/\/igestek.com\/wp-content\/uploads\/2024\/06\/login-logo.png","width":312,"height":43,"caption":"igestek"},"image":{"@id":"https:\/\/igestek.com\/#\/schema\/logo\/image\/"},"sameAs":["https:\/\/www.facebook.com\/p\/IGestek-100083044643273\/","https:\/\/www.linkedin.com\/company\/igestek-increase-win-slu\/"]}]}},"_links":{"self":[{"href":"https:\/\/igestek.com\/es\/wp-json\/wp\/v2\/pages\/143476","targetHints":{"allow":["GET"]}}],"collection":[{"href":"https:\/\/igestek.com\/es\/wp-json\/wp\/v2\/pages"}],"about":[{"href":"https:\/\/igestek.com\/es\/wp-json\/wp\/v2\/types\/page"}],"author":[{"embeddable":true,"href":"https:\/\/igestek.com\/es\/wp-json\/wp\/v2\/users\/1"}],"replies":[{"embeddable":true,"href":"https:\/\/igestek.com\/es\/wp-json\/wp\/v2\/comments?post=143476"}],"version-history":[{"count":0,"href":"https:\/\/igestek.com\/es\/wp-json\/wp\/v2\/pages\/143476\/revisions"}],"wp:attachment":[{"href":"https:\/\/igestek.com\/es\/wp-json\/wp\/v2\/media?parent=143476"}],"curies":[{"name":"wp","href":"https:\/\/api.w.org\/{rel}","templated":true}]}}